{"id":2,"date":"2024-03-06T16:22:47","date_gmt":"2024-03-06T23:22:47","guid":{"rendered":"http:\/\/rifcsa.uson.mx\/?page_id=2"},"modified":"2025-08-28T10:48:02","modified_gmt":"2025-08-28T17:48:02","slug":"sample-page","status":"publish","type":"page","link":"https:\/\/rifcsa.uson.mx\/?page_id=2","title":{"rendered":"\u00bfQui\u00e9nes Somos?"},"content":{"rendered":"\n\n<p>Somos estudiantes de licenciatura (o pregrado) que BUSCAMOS ROMPER EL PARADIGMA de que el inter\u00e9s y la capacidad para hacer investigaci\u00f3n cientifica solo es para posgrados, aprendiendo a hacer ciencia desde el inicio de nuestras carreras, desde el primer semestre, desde los 17 o 18 a\u00f1os de edad.<\/p>\n\n<p style=\"text-align: left;\">Estudiantes que deseamos aprender ciencia, haciendo ciencia, apoyados por acad\u00e9micos investigadores reconocidos e interesados en darle mayor sentido social a la Ciencia aplicable, con especial \u00e9nfasis en las Ciencias Sociales.<\/p>\n<p>Nos hemos constituido con su apoyo en una Asociacion Civil notariada, a partir de noviembre del 2022, inicialmente desde la &#8220;<em>Academia de Gobernanza y Seguridad P\u00fablica&#8221;\u00a0<\/em>del Departamento de Sociolog\u00eda y Administraci\u00f3n p\u00fablica,\u00a0<em>&#8220;Academia de Derecho administrativo&#8221;\u00a0<\/em>del Departamento de Derecho y del Cuerpo Acad\u00e9mico Consolidado (UNISON-CA-205),\u00a0<em>&#8220;Derecho, Economia, Educaci\u00f3n e Instituciones&#8221; desde la Universidad de Sonora, M\u00e9xico.<\/em><\/p>\n\n<blockquote>\n<p>Sin embargo, se abri\u00f3 la Red naturalmente al ingreso de miembros representantes de instituciones acad\u00e9micas, sociales y gubernamentales y a mienbros asociados de todo el mundo, esperando crecer y compartir juntos experiencias, saberes y f\u00f3rmulas exitosas y no exitosas de aprendizaje y creaci\u00f3n de nuevo conocimiento y su vinculacion con la sociedad.<\/p>\n<\/blockquote>\n<p>\u00a0<\/p>\n\n<div class=\"wp-block-image\">\n<figure class=\"aligncenter size-full\"><img fetchpriority=\"high\" decoding=\"async\" width=\"400\" height=\"400\" src=\"https:\/\/rifcsa.uson.mx\/wp-content\/uploads\/alumnos.jpg\" alt=\"\" class=\"wp-image-164\" srcset=\"https:\/\/rifcsa.uson.mx\/wp-content\/uploads\/alumnos.jpg 400w, https:\/\/rifcsa.uson.mx\/wp-content\/uploads\/alumnos-300x300.jpg 300w, https:\/\/rifcsa.uson.mx\/wp-content\/uploads\/alumnos-150x150.jpg 150w\" sizes=\"(max-width: 400px) 100vw, 400px\" \/><\/figure><\/div>\n\n","protected":false},"excerpt":{"rendered":"<p>Somos estudiantes de licenciatura (o pregrado) que BUSCAMOS ROMPER EL PARADIGMA de que el inter\u00e9s y la capacidad para hacer investigaci\u00f3n cientifica solo es para&hellip;<\/p>\n","protected":false},"author":1,"featured_media":0,"parent":0,"menu_order":0,"comment_status":"closed","ping_status":"closed","template":"","meta":{"footnotes":""},"_links":{"self":[{"href":"https:\/\/rifcsa.uson.mx\/index.php?rest_route=\/wp\/v2\/pages\/2"}],"collection":[{"href":"https:\/\/rifcsa.uson.mx\/index.php?rest_route=\/wp\/v2\/pages"}],"about":[{"href":"https:\/\/rifcsa.uson.mx\/index.php?rest_route=\/wp\/v2\/types\/page"}],"author":[{"embeddable":true,"href":"https:\/\/rifcsa.uson.mx\/index.php?rest_route=\/wp\/v2\/users\/1"}],"replies":[{"embeddable":true,"href":"https:\/\/rifcsa.uson.mx\/index.php?rest_route=%2Fwp%2Fv2%2Fcomments&post=2"}],"version-history":[{"count":13,"href":"https:\/\/rifcsa.uson.mx\/index.php?rest_route=\/wp\/v2\/pages\/2\/revisions"}],"predecessor-version":[{"id":363,"href":"https:\/\/rifcsa.uson.mx\/index.php?rest_route=\/wp\/v2\/pages\/2\/revisions\/363"}],"wp:attachment":[{"href":"https:\/\/rifcsa.uson.mx\/index.php?rest_route=%2Fwp%2Fv2%2Fmedia&parent=2"}],"curies":[{"name":"wp","href":"https:\/\/api.w.org\/{rel}","templated":true}]}}