{"id":349,"date":"2024-04-03T18:03:02","date_gmt":"2024-04-04T01:03:02","guid":{"rendered":"https:\/\/rifcsa.uson.mx\/?page_id=349"},"modified":"2025-10-07T11:17:54","modified_gmt":"2025-10-07T18:17:54","slug":"inicio","status":"publish","type":"page","link":"https:\/\/rifcsa.uson.mx\/","title":{"rendered":""},"content":{"rendered":"\n<div id=\"ez-toc-container\" class=\"ez-toc-v2_0_64 counter-hierarchy ez-toc-counter ez-toc-grey ez-toc-container-direction\">\r\n<div class=\"ez-toc-title-container\">\r\n<p class=\"ez-toc-title \" >Table of Contents<\/p>\r\n<span class=\"ez-toc-title-toggle\"><a href=\"#\" class=\"ez-toc-pull-right ez-toc-btn ez-toc-btn-xs ez-toc-btn-default ez-toc-toggle\" aria-label=\"Toggle Table of Content\"><span class=\"ez-toc-js-icon-con\"><span class=\"\"><span class=\"eztoc-hide\" style=\"display:none;\">Toggle<\/span><span class=\"ez-toc-icon-toggle-span\"><svg style=\"fill: #999;color:#999\" xmlns=\"http:\/\/www.w3.org\/2000\/svg\" class=\"list-377408\" width=\"20px\" height=\"20px\" viewBox=\"0 0 24 24\" fill=\"none\"><path d=\"M6 6H4v2h2V6zm14 0H8v2h12V6zM4 11h2v2H4v-2zm16 0H8v2h12v-2zM4 16h2v2H4v-2zm16 0H8v2h12v-2z\" fill=\"currentColor\"><\/path><\/svg><svg style=\"fill: #999;color:#999\" class=\"arrow-unsorted-368013\" xmlns=\"http:\/\/www.w3.org\/2000\/svg\" width=\"10px\" height=\"10px\" viewBox=\"0 0 24 24\" version=\"1.2\" baseProfile=\"tiny\"><path d=\"M18.2 9.3l-6.2-6.3-6.2 6.3c-.2.2-.3.4-.3.7s.1.5.3.7c.2.2.4.3.7.3h11c.3 0 .5-.1.7-.3.2-.2.3-.5.3-.7s-.1-.5-.3-.7zM5.8 14.7l6.2 6.3 6.2-6.3c.2-.2.3-.5.3-.7s-.1-.5-.3-.7c-.2-.2-.4-.3-.7-.3h-11c-.3 0-.5.1-.7.3-.2.2-.3.5-.3.7s.1.5.3.7z\"\/><\/svg><\/span><\/span><\/span><\/a><\/span><\/div>\r\n<nav><ul class='ez-toc-list ez-toc-list-level-1 ' ><li class='ez-toc-page-1 ez-toc-heading-level-2'><a class=\"ez-toc-link ez-toc-heading-1\" href=\"https:\/\/rifcsa.uson.mx\/#La_oportunidad_que_todo_Profesor_y_estudiante_universitario_de_las_Ciencias_sociales_estaba_necesitando\" title=\"La oportunidad que todo Profesor y estudiante universitario de las Ciencias sociales estaba necesitando!\">La oportunidad que todo Profesor y estudiante universitario de las Ciencias sociales estaba necesitando!<\/a><ul class='ez-toc-list-level-4' ><li class='ez-toc-heading-level-4'><ul class='ez-toc-list-level-4' ><li class='ez-toc-heading-level-4'><a class=\"ez-toc-link ez-toc-heading-2\" href=\"https:\/\/rifcsa.uson.mx\/#Facilitar_el_aprendizaje_de_las_Ciencias_haciendo_ciencia_Maravilloso\" title=\"Facilitar el aprendizaje de las Ciencias haciendo ciencia!! Maravilloso!\">Facilitar el aprendizaje de las Ciencias haciendo ciencia!! Maravilloso!<\/a><\/li><\/ul><\/li><\/ul><\/li><\/ul><\/nav><\/div>\r\n<h2 class=\"wp-block-heading has-text-align-center\"><span class=\"ez-toc-section\" id=\"La_oportunidad_que_todo_Profesor_y_estudiante_universitario_de_las_Ciencias_sociales_estaba_necesitando\"><\/span><strong>La oportunidad que todo Profesor y estudiante universitario de las Ciencias sociales estaba necesitando!<\/strong><span class=\"ez-toc-section-end\"><\/span><\/h2>\n\n\n\n<h4 class=\"wp-block-heading has-text-align-center\"><span class=\"ez-toc-section\" id=\"Facilitar_el_aprendizaje_de_las_Ciencias_haciendo_ciencia_Maravilloso\"><\/span><strong>Facilitar el aprendizaje de las Ciencias haciendo ciencia!! Maravilloso!<\/strong><span class=\"ez-toc-section-end\"><\/span><\/h4>\n\n\n\n<p class=\"has-text-align-center\">Dejando el aprendizaje memor\u00edstico para hacer ex\u00e1menes<\/p>\n\n\n\n<p class=\"has-text-align-center\">Dejando de leer porque el Profesor les da lecturas que se leen a fuerzas<\/p>\n\n\n<div class=\"wp-block-image\">\n<figure class=\"aligncenter size-full is-resized\"><img fetchpriority=\"high\" decoding=\"async\" width=\"667\" height=\"444\" src=\"https:\/\/rifcsa.uson.mx\/wp-content\/uploads\/image-1.png\" alt=\"\" class=\"wp-image-434\" style=\"width:598px;height:auto\" srcset=\"https:\/\/rifcsa.uson.mx\/wp-content\/uploads\/image-1.png 667w, https:\/\/rifcsa.uson.mx\/wp-content\/uploads\/image-1-300x200.png 300w, https:\/\/rifcsa.uson.mx\/wp-content\/uploads\/image-1-272x182.png 272w\" sizes=\"(max-width: 667px) 100vw, 667px\" \/><\/figure><\/div>\n\n\n<p><\/p>\n\n\n\n<p><strong><em>Estudiantes: <\/em><\/strong>leyendo \u00e1vidamente porque necesitan citar, argumentar, fichar, construir su aparato cr\u00edtico, que les permita escribir y validar lo que hipot\u00e9ticamente creen y que es cierto, alguna creaci\u00f3n o idea personal y socialmente valiosa, para luego tener la facilidad de enviarla a publicaci\u00f3n a una Revista especializada en Formaci\u00f3n de j\u00f3venes en Ciencias sociales!!!<\/p>\n\n\n\n<p><strong><em>Profesores<\/em><\/strong>: facilitando el aprendizaje de las Ciencias sociales ense\u00f1ando c\u00f3mo es que ellos mismos lo hacen y con posibilidades de recibir reconocimientos o premios internacionales por parte de RIFCSA s\u00f3lo por cumplir con su trabajo!!! Logrando que sus alumnas y alumnos publiquen sus aportes al nuevo conocimiento cient\u00edfico en una revista orientada a indexaci\u00f3n a corto plazo!<\/p>\n","protected":false},"excerpt":{"rendered":"<p>La oportunidad que todo Profesor y estudiante universitario de las Ciencias sociales estaba necesitando! Facilitar el aprendizaje de las Ciencias haciendo ciencia!! Maravilloso! Dejando el&hellip;<\/p>\n","protected":false},"author":1,"featured_media":0,"parent":0,"menu_order":0,"comment_status":"closed","ping_status":"closed","template":"","meta":{"footnotes":""},"_links":{"self":[{"href":"https:\/\/rifcsa.uson.mx\/index.php?rest_route=\/wp\/v2\/pages\/349"}],"collection":[{"href":"https:\/\/rifcsa.uson.mx\/index.php?rest_route=\/wp\/v2\/pages"}],"about":[{"href":"https:\/\/rifcsa.uson.mx\/index.php?rest_route=\/wp\/v2\/types\/page"}],"author":[{"embeddable":true,"href":"https:\/\/rifcsa.uson.mx\/index.php?rest_route=\/wp\/v2\/users\/1"}],"replies":[{"embeddable":true,"href":"https:\/\/rifcsa.uson.mx\/index.php?rest_route=%2Fwp%2Fv2%2Fcomments&post=349"}],"version-history":[{"count":11,"href":"https:\/\/rifcsa.uson.mx\/index.php?rest_route=\/wp\/v2\/pages\/349\/revisions"}],"predecessor-version":[{"id":450,"href":"https:\/\/rifcsa.uson.mx\/index.php?rest_route=\/wp\/v2\/pages\/349\/revisions\/450"}],"wp:attachment":[{"href":"https:\/\/rifcsa.uson.mx\/index.php?rest_route=%2Fwp%2Fv2%2Fmedia&parent=349"}],"curies":[{"name":"wp","href":"https:\/\/api.w.org\/{rel}","templated":true}]}}