{"id":407,"date":"2025-10-07T10:06:29","date_gmt":"2025-10-07T17:06:29","guid":{"rendered":"https:\/\/rifcsa.uson.mx\/?page_id=407"},"modified":"2025-10-07T10:09:37","modified_gmt":"2025-10-07T17:09:37","slug":"se-rifcsa-2","status":"publish","type":"page","link":"https:\/\/rifcsa.uson.mx\/?page_id=407","title":{"rendered":"S\u00e9 RIFCSA"},"content":{"rendered":"<h1><strong>Porqu\u00e9 conviene ser miembro de RIFCSA?<\/strong><\/h1>\n<p>1.- <strong>Profesores:<\/strong> Es representar a su Instituci\u00f3n o Universidad en un Foro internacional como RIFCSA, lo cual no cualquiera puede llegar a tener ese privilegio, estar informado de avances del conocimiento en Ciencias sociales para estar apoyando a estudiantes con conocimiento de frontera, accediendo al conocimiento transdisciplinario y acercando a estudiantes a que se enamoren de las Ciencias sociales promoviendo la producci\u00f3n de nuevo conocimiento por ellos mismos, esto es, aprendiendo ciencia haciendo ciencia.<\/p>\n<p>Es tener la oportunidad de ser merecedor de premios y reconocimientos internacionales por asesorar y promover que sus estudiantes propongan art\u00edculos cient\u00edficos para arbitraje ciego de pares y lleguen a ser publicados en la \u201cRevista de Formaci\u00f3n en Ciencias Sociales\u201d (REFCSA)<\/p>\n<p>Es tener la oportunidad de compartir y aprender de otros docentes de casos exitosos en la ense\u00f1anza formativa de las Ciencias sociales a trav\u00e9s de PODCAST\u2019s a compartir en la Red.<\/p>\n<p>Es darse a conocer y llegar a recibir invitaciones a otros pa\u00edses para compartir conferencias, pl\u00e1ticas, asistencias a Congresos, etc.<\/p>\n<p>2.- <strong>Estudiantes:<\/strong> Es llegar a ser mucho m\u00e1s que cualquier estudiante que aspira s\u00f3lo a lo mismo, es ser miembro de una Red internacional que busca respaldar a estudiantes y docentes a que se formen cientistas sociales, adem\u00e1s de el libre ejercicio de su profesi\u00f3n, lo cual les concede valor agregado d\u00e1ndoles esa \u201cdiferencia\u201d deseada a resultados de procesos educativo formativos innovadores y adem\u00e1s deseados por la sociedad.<\/p>\n<p>Es pensarse en plenitud, y no de manera limitada, es aprovecharse de RIFCSA para abrir los ojos a un mundo casi reservado a mentes abiertas que piensan en grande, Es verse como una profesional de la Ciencia social de su preferencia pero pensando de manera holista y relevante, de manera creativa, propositiva, rompiendo el paradigama del cient\u00edfico hombre, viejecito, de lentes, con su bata blanca en un laboratorio, nooooo, el estudiante de Ciencias sociales de hoy desea ser visto en todas sus potencialidades humanas, sean mujeres u hombres, ya no en ciencias b\u00e1sicas, sino sociales y sobre todo j\u00f3venes!<\/p>\n\n\n<figure class=\"wp-block-image size-full is-resized\"><img fetchpriority=\"high\" decoding=\"async\" width=\"545\" height=\"122\" src=\"https:\/\/rifcsa.uson.mx\/wp-content\/uploads\/SERFICSA-1.png\" alt=\"\" class=\"wp-image-412\" style=\"width:603px;height:auto\" srcset=\"https:\/\/rifcsa.uson.mx\/wp-content\/uploads\/SERFICSA-1.png 545w, https:\/\/rifcsa.uson.mx\/wp-content\/uploads\/SERFICSA-1-300x67.png 300w\" sizes=\"(max-width: 545px) 100vw, 545px\" \/><\/figure>\n\n\n\n<p>Estudiantes creando y llegando a proponer ideas revolucionarias o valiosas para el desarrollo social desde cada ciencia, por ejemplo, Nuevas formas epist\u00e9micas de interpretar fen\u00f3menos sociales, deduciendo patrones, modelos, propuestas prospectivas deseables y plausibles de inter\u00e9s popular, social o disciplinarias.<\/p>\n","protected":false},"excerpt":{"rendered":"<p>Porqu\u00e9 conviene ser miembro de RIFCSA? 1.- Profesores: Es representar a su Instituci\u00f3n o Universidad en un Foro internacional como RIFCSA, lo cual no cualquiera&hellip;<\/p>\n","protected":false},"author":1,"featured_media":0,"parent":0,"menu_order":0,"comment_status":"closed","ping_status":"closed","template":"","meta":{"footnotes":""},"_links":{"self":[{"href":"https:\/\/rifcsa.uson.mx\/index.php?rest_route=\/wp\/v2\/pages\/407"}],"collection":[{"href":"https:\/\/rifcsa.uson.mx\/index.php?rest_route=\/wp\/v2\/pages"}],"about":[{"href":"https:\/\/rifcsa.uson.mx\/index.php?rest_route=\/wp\/v2\/types\/page"}],"author":[{"embeddable":true,"href":"https:\/\/rifcsa.uson.mx\/index.php?rest_route=\/wp\/v2\/users\/1"}],"replies":[{"embeddable":true,"href":"https:\/\/rifcsa.uson.mx\/index.php?rest_route=%2Fwp%2Fv2%2Fcomments&post=407"}],"version-history":[{"count":2,"href":"https:\/\/rifcsa.uson.mx\/index.php?rest_route=\/wp\/v2\/pages\/407\/revisions"}],"predecessor-version":[{"id":414,"href":"https:\/\/rifcsa.uson.mx\/index.php?rest_route=\/wp\/v2\/pages\/407\/revisions\/414"}],"wp:attachment":[{"href":"https:\/\/rifcsa.uson.mx\/index.php?rest_route=%2Fwp%2Fv2%2Fmedia&parent=407"}],"curies":[{"name":"wp","href":"https:\/\/api.w.org\/{rel}","templated":true}]}}